{"id":3917,"date":"2023-10-04T04:07:27","date_gmt":"2023-10-03T21:07:27","guid":{"rendered":"https:\/\/baniphar.com\/product\/gel-rua-mat-nuno\/"},"modified":"2025-06-02T14:41:26","modified_gmt":"2025-06-02T07:41:26","slug":"gel-rua-mat-nuno","status":"publish","type":"product","link":"https:\/\/baniphar.com\/en\/product\/gel-rua-mat-nuno\/","title":{"rendered":"Gel r\u1eeda m\u1eb7t ng\u1eeba m\u1ee5n tr\u1ee9ng c\u00e1 Nuno"},"content":{"rendered":"","protected":false},"excerpt":{"rendered":"","protected":false},"featured_media":3660,"comment_status":"open","ping_status":"closed","template":"","meta":[],"product_cat":[121,118,162],"product_tag":[],"class_list":["post-3917","product","type-product","status-publish","has-post-thumbnail","hentry","product_cat-cleanser","product_cat-cosmetics-imported-from-poland","product_cat-uu-dai-qua-tang-20-10-en","yith_product_brand-ziaja-en"],"yoast_head":"<!-- This site is optimized with the Yoast SEO plugin v23.1 - https:\/\/yoast.com\/wordpress\/plugins\/seo\/ -->\n<title>S\u1eefa r\u1eeda m\u1eb7t ng\u1eeba m\u1ee5n Nuno Ziaja - NK ch\u00ednh h\u00e3ng t\u1eeb ZIAJA Ba Lan<\/title>\n<meta name=\"description\" content=\"S\u1eefa r\u1eeda m\u1eb7t ng\u1eeba m\u1ee5n Nuno Ziaja c\u00f3 92% th\u00e0nh ph\u1ea7n ngu\u1ed3n g\u1ed1c t\u1ef1 nhi\u00ean, gi\u00fap l\u00e0m s\u1ea1ch da, lo\u1ea1i b\u1ecf t\u00e1c nh\u00e2n g\u00e2y m\u1ee5n, th\u00edch h\u1ee3p d\u00f9ng cho da d\u1ea7u, da h\u1ed7n h\u1ee3p\" \/>\n<meta name=\"robots\" content=\"index, follow, max-snippet:-1, max-image-preview:large, max-video-preview:-1\" \/>\n<link rel=\"canonical\" href=\"https:\/\/baniphar.com\/en\/product\/gel-rua-mat-nuno\/\" \/>\n<meta property=\"og:locale\" content=\"en_US\" \/>\n<meta property=\"og:type\" content=\"article\" \/>\n<meta property=\"og:title\" content=\"S\u1eefa r\u1eeda m\u1eb7t ng\u1eeba m\u1ee5n Nuno Ziaja - NK ch\u00ednh h\u00e3ng t\u1eeb ZIAJA Ba Lan\" \/>\n<meta property=\"og:description\" content=\"S\u1eefa r\u1eeda m\u1eb7t ng\u1eeba m\u1ee5n Nuno Ziaja c\u00f3 92% th\u00e0nh ph\u1ea7n ngu\u1ed3n g\u1ed1c t\u1ef1 nhi\u00ean, gi\u00fap l\u00e0m s\u1ea1ch da, lo\u1ea1i b\u1ecf t\u00e1c nh\u00e2n g\u00e2y m\u1ee5n, th\u00edch h\u1ee3p d\u00f9ng cho da d\u1ea7u, da h\u1ed7n h\u1ee3p\" \/>\n<meta property=\"og:url\" content=\"https:\/\/baniphar.com\/en\/product\/gel-rua-mat-nuno\/\" \/>\n<meta property=\"og:site_name\" content=\"C\u00f4ng ty C\u1ed5 Ph\u1ea7n D\u01b0\u1ee3c Ph\u1ea9m B\u1eafc Ninh - BANIPHAR\" \/>\n<meta property=\"article:modified_time\" content=\"2025-06-02T07:41:26+00:00\" \/>\n<meta property=\"og:image\" content=\"https:\/\/baniphar.com\/wp-content\/uploads\/2023\/10\/Sua-rua-mat-Nuno.jpg\" \/>\n\t<meta property=\"og:image:width\" content=\"483\" \/>\n\t<meta property=\"og:image:height\" content=\"420\" \/>\n\t<meta property=\"og:image:type\" content=\"image\/jpeg\" \/>\n<meta name=\"twitter:card\" content=\"summary_large_image\" \/>\n<script type=\"application\/ld+json\" class=\"yoast-schema-graph\">{\"@context\":\"https:\/\/schema.org\",\"@graph\":[{\"@type\":\"WebPage\",\"@id\":\"https:\/\/baniphar.com\/en\/product\/gel-rua-mat-nuno\/\",\"url\":\"https:\/\/baniphar.com\/en\/product\/gel-rua-mat-nuno\/\",\"name\":\"S\u1eefa r\u1eeda m\u1eb7t ng\u1eeba m\u1ee5n Nuno Ziaja - NK ch\u00ednh h\u00e3ng t\u1eeb ZIAJA Ba Lan\",\"isPartOf\":{\"@id\":\"https:\/\/baniphar.com\/en\/#website\"},\"primaryImageOfPage\":{\"@id\":\"https:\/\/baniphar.com\/en\/product\/gel-rua-mat-nuno\/#primaryimage\"},\"image\":{\"@id\":\"https:\/\/baniphar.com\/en\/product\/gel-rua-mat-nuno\/#primaryimage\"},\"thumbnailUrl\":\"https:\/\/baniphar.com\/wp-content\/uploads\/2023\/10\/Sua-rua-mat-Nuno.jpg\",\"datePublished\":\"2023-10-03T21:07:27+00:00\",\"dateModified\":\"2025-06-02T07:41:26+00:00\",\"description\":\"S\u1eefa r\u1eeda m\u1eb7t ng\u1eeba m\u1ee5n Nuno Ziaja c\u00f3 92% th\u00e0nh ph\u1ea7n ngu\u1ed3n g\u1ed1c t\u1ef1 nhi\u00ean, gi\u00fap l\u00e0m s\u1ea1ch da, lo\u1ea1i b\u1ecf t\u00e1c nh\u00e2n g\u00e2y m\u1ee5n, th\u00edch h\u1ee3p d\u00f9ng cho da d\u1ea7u, da h\u1ed7n h\u1ee3p\",\"breadcrumb\":{\"@id\":\"https:\/\/baniphar.com\/en\/product\/gel-rua-mat-nuno\/#breadcrumb\"},\"inLanguage\":\"en-US\",\"potentialAction\":[{\"@type\":\"ReadAction\",\"target\":[\"https:\/\/baniphar.com\/en\/product\/gel-rua-mat-nuno\/\"]}]},{\"@type\":\"ImageObject\",\"inLanguage\":\"en-US\",\"@id\":\"https:\/\/baniphar.com\/en\/product\/gel-rua-mat-nuno\/#primaryimage\",\"url\":\"https:\/\/baniphar.com\/wp-content\/uploads\/2023\/10\/Sua-rua-mat-Nuno.jpg\",\"contentUrl\":\"https:\/\/baniphar.com\/wp-content\/uploads\/2023\/10\/Sua-rua-mat-Nuno.jpg\",\"width\":483,\"height\":420},{\"@type\":\"BreadcrumbList\",\"@id\":\"https:\/\/baniphar.com\/en\/product\/gel-rua-mat-nuno\/#breadcrumb\",\"itemListElement\":[{\"@type\":\"ListItem\",\"position\":1,\"name\":\"Home\",\"item\":\"https:\/\/baniphar.com\/en\/\"},{\"@type\":\"ListItem\",\"position\":2,\"name\":\"TRANG CH\u1ee6\",\"item\":\"https:\/\/baniphar.com\/trang-chu\/\"},{\"@type\":\"ListItem\",\"position\":3,\"name\":\"Gel r\u1eeda m\u1eb7t ng\u1eeba m\u1ee5n tr\u1ee9ng c\u00e1 Nuno\"}]},{\"@type\":\"WebSite\",\"@id\":\"https:\/\/baniphar.com\/en\/#website\",\"url\":\"https:\/\/baniphar.com\/en\/\",\"name\":\"C\u00f4ng ty C\u1ed5 Ph\u1ea7n D\u01b0\u1ee3c Ph\u1ea9m B\u1eafc Ninh - BANIPHAR\",\"description\":\"\",\"potentialAction\":[{\"@type\":\"SearchAction\",\"target\":{\"@type\":\"EntryPoint\",\"urlTemplate\":\"https:\/\/baniphar.com\/en\/?s={search_term_string}\"},\"query-input\":\"required name=search_term_string\"}],\"inLanguage\":\"en-US\"}]}<\/script>\n<!-- \/ Yoast SEO plugin. -->","yoast_head_json":{"title":"S\u1eefa r\u1eeda m\u1eb7t ng\u1eeba m\u1ee5n Nuno Ziaja - NK ch\u00ednh h\u00e3ng t\u1eeb ZIAJA Ba Lan","description":"S\u1eefa r\u1eeda m\u1eb7t ng\u1eeba m\u1ee5n Nuno Ziaja c\u00f3 92% th\u00e0nh ph\u1ea7n ngu\u1ed3n g\u1ed1c t\u1ef1 nhi\u00ean, gi\u00fap l\u00e0m s\u1ea1ch da, lo\u1ea1i b\u1ecf t\u00e1c nh\u00e2n g\u00e2y m\u1ee5n, th\u00edch h\u1ee3p d\u00f9ng cho da d\u1ea7u, da h\u1ed7n h\u1ee3p","robots":{"index":"index","follow":"follow","max-snippet":"max-snippet:-1","max-image-preview":"max-image-preview:large","max-video-preview":"max-video-preview:-1"},"canonical":"https:\/\/baniphar.com\/en\/product\/gel-rua-mat-nuno\/","og_locale":"en_US","og_type":"article","og_title":"S\u1eefa r\u1eeda m\u1eb7t ng\u1eeba m\u1ee5n Nuno Ziaja - NK ch\u00ednh h\u00e3ng t\u1eeb ZIAJA Ba Lan","og_description":"S\u1eefa r\u1eeda m\u1eb7t ng\u1eeba m\u1ee5n Nuno Ziaja c\u00f3 92% th\u00e0nh ph\u1ea7n ngu\u1ed3n g\u1ed1c t\u1ef1 nhi\u00ean, gi\u00fap l\u00e0m s\u1ea1ch da, lo\u1ea1i b\u1ecf t\u00e1c nh\u00e2n g\u00e2y m\u1ee5n, th\u00edch h\u1ee3p d\u00f9ng cho da d\u1ea7u, da h\u1ed7n h\u1ee3p","og_url":"https:\/\/baniphar.com\/en\/product\/gel-rua-mat-nuno\/","og_site_name":"C\u00f4ng ty C\u1ed5 Ph\u1ea7n D\u01b0\u1ee3c Ph\u1ea9m B\u1eafc Ninh - BANIPHAR","article_modified_time":"2025-06-02T07:41:26+00:00","og_image":[{"width":483,"height":420,"url":"https:\/\/baniphar.com\/wp-content\/uploads\/2023\/10\/Sua-rua-mat-Nuno.jpg","type":"image\/jpeg"}],"twitter_card":"summary_large_image","schema":{"@context":"https:\/\/schema.org","@graph":[{"@type":"WebPage","@id":"https:\/\/baniphar.com\/en\/product\/gel-rua-mat-nuno\/","url":"https:\/\/baniphar.com\/en\/product\/gel-rua-mat-nuno\/","name":"S\u1eefa r\u1eeda m\u1eb7t ng\u1eeba m\u1ee5n Nuno Ziaja - NK ch\u00ednh h\u00e3ng t\u1eeb ZIAJA Ba Lan","isPartOf":{"@id":"https:\/\/baniphar.com\/en\/#website"},"primaryImageOfPage":{"@id":"https:\/\/baniphar.com\/en\/product\/gel-rua-mat-nuno\/#primaryimage"},"image":{"@id":"https:\/\/baniphar.com\/en\/product\/gel-rua-mat-nuno\/#primaryimage"},"thumbnailUrl":"https:\/\/baniphar.com\/wp-content\/uploads\/2023\/10\/Sua-rua-mat-Nuno.jpg","datePublished":"2023-10-03T21:07:27+00:00","dateModified":"2025-06-02T07:41:26+00:00","description":"S\u1eefa r\u1eeda m\u1eb7t ng\u1eeba m\u1ee5n Nuno Ziaja c\u00f3 92% th\u00e0nh ph\u1ea7n ngu\u1ed3n g\u1ed1c t\u1ef1 nhi\u00ean, gi\u00fap l\u00e0m s\u1ea1ch da, lo\u1ea1i b\u1ecf t\u00e1c nh\u00e2n g\u00e2y m\u1ee5n, th\u00edch h\u1ee3p d\u00f9ng cho da d\u1ea7u, da h\u1ed7n h\u1ee3p","breadcrumb":{"@id":"https:\/\/baniphar.com\/en\/product\/gel-rua-mat-nuno\/#breadcrumb"},"inLanguage":"en-US","potentialAction":[{"@type":"ReadAction","target":["https:\/\/baniphar.com\/en\/product\/gel-rua-mat-nuno\/"]}]},{"@type":"ImageObject","inLanguage":"en-US","@id":"https:\/\/baniphar.com\/en\/product\/gel-rua-mat-nuno\/#primaryimage","url":"https:\/\/baniphar.com\/wp-content\/uploads\/2023\/10\/Sua-rua-mat-Nuno.jpg","contentUrl":"https:\/\/baniphar.com\/wp-content\/uploads\/2023\/10\/Sua-rua-mat-Nuno.jpg","width":483,"height":420},{"@type":"BreadcrumbList","@id":"https:\/\/baniphar.com\/en\/product\/gel-rua-mat-nuno\/#breadcrumb","itemListElement":[{"@type":"ListItem","position":1,"name":"Home","item":"https:\/\/baniphar.com\/en\/"},{"@type":"ListItem","position":2,"name":"TRANG CH\u1ee6","item":"https:\/\/baniphar.com\/trang-chu\/"},{"@type":"ListItem","position":3,"name":"Gel r\u1eeda m\u1eb7t ng\u1eeba m\u1ee5n tr\u1ee9ng c\u00e1 Nuno"}]},{"@type":"WebSite","@id":"https:\/\/baniphar.com\/en\/#website","url":"https:\/\/baniphar.com\/en\/","name":"C\u00f4ng ty C\u1ed5 Ph\u1ea7n D\u01b0\u1ee3c Ph\u1ea9m B\u1eafc Ninh - BANIPHAR","description":"","potentialAction":[{"@type":"SearchAction","target":{"@type":"EntryPoint","urlTemplate":"https:\/\/baniphar.com\/en\/?s={search_term_string}"},"query-input":"required name=search_term_string"}],"inLanguage":"en-US"}]}},"_links":{"self":[{"href":"https:\/\/baniphar.com\/en\/wp-json\/wp\/v2\/product\/3917","targetHints":{"allow":["GET"]}}],"collection":[{"href":"https:\/\/baniphar.com\/en\/wp-json\/wp\/v2\/product"}],"about":[{"href":"https:\/\/baniphar.com\/en\/wp-json\/wp\/v2\/types\/product"}],"replies":[{"embeddable":true,"href":"https:\/\/baniphar.com\/en\/wp-json\/wp\/v2\/comments?post=3917"}],"wp:featuredmedia":[{"embeddable":true,"href":"https:\/\/baniphar.com\/en\/wp-json\/wp\/v2\/media\/3660"}],"wp:attachment":[{"href":"https:\/\/baniphar.com\/en\/wp-json\/wp\/v2\/media?parent=3917"}],"wp:term":[{"taxonomy":"product_cat","embeddable":true,"href":"https:\/\/baniphar.com\/en\/wp-json\/wp\/v2\/product_cat?post=3917"},{"taxonomy":"product_tag","embeddable":true,"href":"https:\/\/baniphar.com\/en\/wp-json\/wp\/v2\/product_tag?post=3917"}],"curies":[{"name":"wp","href":"https:\/\/api.w.org\/{rel}","templated":true}]}}