{"id":3922,"date":"2023-09-20T04:01:32","date_gmt":"2023-09-19T21:01:32","guid":{"rendered":"https:\/\/baniphar.com\/product\/nuoc-suc-mieng-trau-khong-baniphar-350ml\/"},"modified":"2026-03-05T14:28:19","modified_gmt":"2026-03-05T07:28:19","slug":"nuoc-suc-mieng-trau-khong-baniphar-350ml","status":"publish","type":"product","link":"https:\/\/baniphar.com\/en\/product\/nuoc-suc-mieng-trau-khong-baniphar-350ml\/","title":{"rendered":"N\u01b0\u1edbc s\u00fac mi\u1ec7ng Tr\u1ea7u kh\u00f4ng Baniphar 350ml"},"content":{"rendered":"<h2><strong>TH\u00c0NH PH\u1ea6N<\/strong><\/h2>\n<p>Water, Sorbitol, Kali sorbet, Natri benzoate, Acid citric, Perfume, Menthol, Piper betel Leaf Essential Oil, Cinnamon Essential Oil, CI 42090.<\/p>\n<h2><strong>C\u00d4NG D\u1ee4NG<\/strong><\/h2>\n<p>&#8211; V\u1ec7 sinh r\u0103ng, mi\u1ec7ng, h\u1ecdng h\u00e0ng ng\u00e0y, gi\u00fap h\u01a1i th\u1edf th\u01a1m m\u00e1t, ng\u0103n ng\u1eeba m\u1ea3ng b\u00e1m.<\/p>\n<p>&#8211; Kh\u00e1ng khu\u1ea9n, gi\u00fap lo\u1ea1i b\u1ecf c\u00e1c t\u00e1c nh\u00e2n g\u00e2y b\u1ec7nh s\u00e2u r\u0103ng, vi\u00eam h\u1ecdng, vi\u00eam l\u1ee3i, ch\u1ea3y m\u00e1u ch\u00e2n r\u0103ng\u2026<\/p>\n<p><img loading=\"lazy\" decoding=\"async\" class=\"aligncenter wp-image-1047\" src=\"https:\/\/baniphar.com\/wp-content\/uploads\/2023\/09\/Nuoc-suc-mieng-Trau-khong-Baniphar-350ml-img5.jpg\" alt=\"\" width=\"900\" height=\"900\" srcset=\"https:\/\/baniphar.com\/wp-content\/uploads\/2023\/09\/Nuoc-suc-mieng-Trau-khong-Baniphar-350ml-img5.jpg 1920w, https:\/\/baniphar.com\/wp-content\/uploads\/2023\/09\/Nuoc-suc-mieng-Trau-khong-Baniphar-350ml-img5-300x300.jpg 300w, https:\/\/baniphar.com\/wp-content\/uploads\/2023\/09\/Nuoc-suc-mieng-Trau-khong-Baniphar-350ml-img5-1024x1024.jpg 1024w, https:\/\/baniphar.com\/wp-content\/uploads\/2023\/09\/Nuoc-suc-mieng-Trau-khong-Baniphar-350ml-img5-150x150.jpg 150w, https:\/\/baniphar.com\/wp-content\/uploads\/2023\/09\/Nuoc-suc-mieng-Trau-khong-Baniphar-350ml-img5-768x768.jpg 768w, https:\/\/baniphar.com\/wp-content\/uploads\/2023\/09\/Nuoc-suc-mieng-Trau-khong-Baniphar-350ml-img5-1536x1536.jpg 1536w, https:\/\/baniphar.com\/wp-content\/uploads\/2023\/09\/Nuoc-suc-mieng-Trau-khong-Baniphar-350ml-img5-600x600.jpg 600w, https:\/\/baniphar.com\/wp-content\/uploads\/2023\/09\/Nuoc-suc-mieng-Trau-khong-Baniphar-350ml-img5-100x100.jpg 100w\" sizes=\"auto, (max-width: 900px) 100vw, 900px\" \/><\/p>\n<h2><strong>\u0110\u1ed0I T\u01af\u1ee2NG S\u1eec D\u1ee4NG &#8211; C\u00c1CH S\u1eec D\u1ee4NG<\/strong><\/h2>\n<p>S\u00fac mi\u1ec7ng m\u1ed7i l\u1ea7n 10ml trong 30 gi\u00e2y r\u1ed3i nh\u1ed5 \u0111i, ng\u00e0y 2-4 l\u1ea7n v\u00e0o bu\u1ed5i s\u00e1ng, t\u1ed1i tr\u01b0\u1edbc khi \u0111i ng\u1ee7 ho\u1eb7c sau khi \u0103n c\u00e1c ch\u1ea5t c\u00f3 m\u00f9i tanh h\u00f4i<\/p>\n<h2><strong>CH\u1ed0NG CH\u1ec8 \u0110\u1ecaNH<\/strong><\/h2>\n<p>M\u1eabn c\u1ea3m v\u1edbi b\u1ea5t k\u00ec th\u00e0nh ph\u1ea7n n\u00e0o c\u1ee7a s\u1ea3n ph\u1ea9m.<\/p>\n","protected":false},"excerpt":{"rendered":"<p><em><strong>N\u01b0\u1edbc s\u00fac mi\u1ec7ng tr\u1ea7u kh\u00f4ng gi\u00fap<\/strong> <\/em><\/p>\n<p>&#8211; V\u1ec7 sinh r\u0103ng, mi\u1ec7ng, h\u1ecdng h\u00e0ng ng\u00e0y, gi\u00fap h\u01a1i th\u1edf th\u01a1m m\u00e1t, ng\u0103n ng\u1eeba m\u1ea3ng b\u00e1m.<\/p>\n<p>&#8211; Kh\u00e1ng khu\u1ea9n, gi\u00fap lo\u1ea1i b\u1ecf c\u00e1c t\u00e1c nh\u00e2n g\u00e2y b\u1ec7nh s\u00e2u r\u0103ng, vi\u00eam h\u1ecdng, vi\u00eam l\u1ee3i, ch\u1ea3y m\u00e1u ch\u00e2n r\u0103ng\u2026<\/p>\n","protected":false},"featured_media":3434,"comment_status":"open","ping_status":"closed","template":"","meta":[],"product_cat":[136],"product_tag":[],"class_list":["post-3922","product","type-product","status-publish","has-post-thumbnail","hentry","product_cat-antibacterial-mouthwash","yith_product_brand-baniphar-en"],"yoast_head":"<!-- This site is optimized with the Yoast SEO plugin v23.1 - https:\/\/yoast.com\/wordpress\/plugins\/seo\/ -->\n<title>N\u01b0\u1edbc s\u00fac mi\u1ec7ng Tr\u1ea7u kh\u00f4ng Baniphar 350ml - D\u01b0\u1ee3c B\u1eafc Ninh BANIPHAR<\/title>\n<meta name=\"robots\" content=\"index, follow, max-snippet:-1, max-image-preview:large, max-video-preview:-1\" \/>\n<link rel=\"canonical\" href=\"https:\/\/baniphar.com\/en\/product\/nuoc-suc-mieng-trau-khong-baniphar-350ml\/\" \/>\n<meta property=\"og:locale\" content=\"en_US\" \/>\n<meta property=\"og:type\" content=\"article\" \/>\n<meta property=\"og:title\" content=\"N\u01b0\u1edbc s\u00fac mi\u1ec7ng Tr\u1ea7u kh\u00f4ng Baniphar 350ml - D\u01b0\u1ee3c B\u1eafc Ninh BANIPHAR\" \/>\n<meta property=\"og:description\" content=\"N\u01b0\u1edbc s\u00fac mi\u1ec7ng tr\u1ea7u kh\u00f4ng gi\u00fap   - V\u1ec7 sinh r\u0103ng, mi\u1ec7ng, h\u1ecdng h\u00e0ng ng\u00e0y, gi\u00fap h\u01a1i th\u1edf th\u01a1m m\u00e1t, ng\u0103n ng\u1eeba m\u1ea3ng b\u00e1m.  - Kh\u00e1ng khu\u1ea9n, gi\u00fap lo\u1ea1i b\u1ecf c\u00e1c t\u00e1c nh\u00e2n g\u00e2y b\u1ec7nh s\u00e2u r\u0103ng, vi\u00eam h\u1ecdng, vi\u00eam l\u1ee3i, ch\u1ea3y m\u00e1u ch\u00e2n r\u0103ng\u2026\" \/>\n<meta property=\"og:url\" content=\"https:\/\/baniphar.com\/en\/product\/nuoc-suc-mieng-trau-khong-baniphar-350ml\/\" \/>\n<meta property=\"og:site_name\" content=\"C\u00f4ng ty C\u1ed5 Ph\u1ea7n D\u01b0\u1ee3c Ph\u1ea9m B\u1eafc Ninh - BANIPHAR\" \/>\n<meta property=\"article:modified_time\" content=\"2026-03-05T07:28:19+00:00\" \/>\n<meta property=\"og:image\" content=\"https:\/\/baniphar.com\/wp-content\/uploads\/2023\/09\/nuoc-suc-mieng-trau-khong-baniphar-3.jpg\" \/>\n\t<meta property=\"og:image:width\" content=\"900\" \/>\n\t<meta property=\"og:image:height\" content=\"900\" \/>\n\t<meta property=\"og:image:type\" content=\"image\/jpeg\" \/>\n<meta name=\"twitter:card\" content=\"summary_large_image\" \/>\n<meta name=\"twitter:label1\" content=\"Est. reading time\" \/>\n\t<meta name=\"twitter:data1\" content=\"1 minute\" \/>\n<script type=\"application\/ld+json\" class=\"yoast-schema-graph\">{\"@context\":\"https:\/\/schema.org\",\"@graph\":[{\"@type\":\"WebPage\",\"@id\":\"https:\/\/baniphar.com\/en\/product\/nuoc-suc-mieng-trau-khong-baniphar-350ml\/\",\"url\":\"https:\/\/baniphar.com\/en\/product\/nuoc-suc-mieng-trau-khong-baniphar-350ml\/\",\"name\":\"N\u01b0\u1edbc s\u00fac mi\u1ec7ng Tr\u1ea7u kh\u00f4ng Baniphar 350ml - D\u01b0\u1ee3c B\u1eafc Ninh BANIPHAR\",\"isPartOf\":{\"@id\":\"https:\/\/baniphar.com\/en\/#website\"},\"primaryImageOfPage\":{\"@id\":\"https:\/\/baniphar.com\/en\/product\/nuoc-suc-mieng-trau-khong-baniphar-350ml\/#primaryimage\"},\"image\":{\"@id\":\"https:\/\/baniphar.com\/en\/product\/nuoc-suc-mieng-trau-khong-baniphar-350ml\/#primaryimage\"},\"thumbnailUrl\":\"https:\/\/baniphar.com\/wp-content\/uploads\/2023\/09\/nuoc-suc-mieng-trau-khong-baniphar-3.jpg\",\"datePublished\":\"2023-09-19T21:01:32+00:00\",\"dateModified\":\"2026-03-05T07:28:19+00:00\",\"breadcrumb\":{\"@id\":\"https:\/\/baniphar.com\/en\/product\/nuoc-suc-mieng-trau-khong-baniphar-350ml\/#breadcrumb\"},\"inLanguage\":\"en-US\",\"potentialAction\":[{\"@type\":\"ReadAction\",\"target\":[\"https:\/\/baniphar.com\/en\/product\/nuoc-suc-mieng-trau-khong-baniphar-350ml\/\"]}]},{\"@type\":\"ImageObject\",\"inLanguage\":\"en-US\",\"@id\":\"https:\/\/baniphar.com\/en\/product\/nuoc-suc-mieng-trau-khong-baniphar-350ml\/#primaryimage\",\"url\":\"https:\/\/baniphar.com\/wp-content\/uploads\/2023\/09\/nuoc-suc-mieng-trau-khong-baniphar-3.jpg\",\"contentUrl\":\"https:\/\/baniphar.com\/wp-content\/uploads\/2023\/09\/nuoc-suc-mieng-trau-khong-baniphar-3.jpg\",\"width\":900,\"height\":900},{\"@type\":\"BreadcrumbList\",\"@id\":\"https:\/\/baniphar.com\/en\/product\/nuoc-suc-mieng-trau-khong-baniphar-350ml\/#breadcrumb\",\"itemListElement\":[{\"@type\":\"ListItem\",\"position\":1,\"name\":\"Home\",\"item\":\"https:\/\/baniphar.com\/en\/\"},{\"@type\":\"ListItem\",\"position\":2,\"name\":\"TRANG CH\u1ee6\",\"item\":\"https:\/\/baniphar.com\/trang-chu\/\"},{\"@type\":\"ListItem\",\"position\":3,\"name\":\"N\u01b0\u1edbc s\u00fac mi\u1ec7ng Tr\u1ea7u kh\u00f4ng Baniphar 350ml\"}]},{\"@type\":\"WebSite\",\"@id\":\"https:\/\/baniphar.com\/en\/#website\",\"url\":\"https:\/\/baniphar.com\/en\/\",\"name\":\"C\u00f4ng ty C\u1ed5 Ph\u1ea7n D\u01b0\u1ee3c Ph\u1ea9m B\u1eafc Ninh - BANIPHAR\",\"description\":\"\",\"potentialAction\":[{\"@type\":\"SearchAction\",\"target\":{\"@type\":\"EntryPoint\",\"urlTemplate\":\"https:\/\/baniphar.com\/en\/?s={search_term_string}\"},\"query-input\":\"required name=search_term_string\"}],\"inLanguage\":\"en-US\"}]}<\/script>\n<!-- \/ Yoast SEO plugin. -->","yoast_head_json":{"title":"N\u01b0\u1edbc s\u00fac mi\u1ec7ng Tr\u1ea7u kh\u00f4ng Baniphar 350ml - D\u01b0\u1ee3c B\u1eafc Ninh BANIPHAR","robots":{"index":"index","follow":"follow","max-snippet":"max-snippet:-1","max-image-preview":"max-image-preview:large","max-video-preview":"max-video-preview:-1"},"canonical":"https:\/\/baniphar.com\/en\/product\/nuoc-suc-mieng-trau-khong-baniphar-350ml\/","og_locale":"en_US","og_type":"article","og_title":"N\u01b0\u1edbc s\u00fac mi\u1ec7ng Tr\u1ea7u kh\u00f4ng Baniphar 350ml - D\u01b0\u1ee3c B\u1eafc Ninh BANIPHAR","og_description":"N\u01b0\u1edbc s\u00fac mi\u1ec7ng tr\u1ea7u kh\u00f4ng gi\u00fap   - V\u1ec7 sinh r\u0103ng, mi\u1ec7ng, h\u1ecdng h\u00e0ng ng\u00e0y, gi\u00fap h\u01a1i th\u1edf th\u01a1m m\u00e1t, ng\u0103n ng\u1eeba m\u1ea3ng b\u00e1m.  - Kh\u00e1ng khu\u1ea9n, gi\u00fap lo\u1ea1i b\u1ecf c\u00e1c t\u00e1c nh\u00e2n g\u00e2y b\u1ec7nh s\u00e2u r\u0103ng, vi\u00eam h\u1ecdng, vi\u00eam l\u1ee3i, ch\u1ea3y m\u00e1u ch\u00e2n r\u0103ng\u2026","og_url":"https:\/\/baniphar.com\/en\/product\/nuoc-suc-mieng-trau-khong-baniphar-350ml\/","og_site_name":"C\u00f4ng ty C\u1ed5 Ph\u1ea7n D\u01b0\u1ee3c Ph\u1ea9m B\u1eafc Ninh - BANIPHAR","article_modified_time":"2026-03-05T07:28:19+00:00","og_image":[{"width":900,"height":900,"url":"https:\/\/baniphar.com\/wp-content\/uploads\/2023\/09\/nuoc-suc-mieng-trau-khong-baniphar-3.jpg","type":"image\/jpeg"}],"twitter_card":"summary_large_image","twitter_misc":{"Est. reading time":"1 minute"},"schema":{"@context":"https:\/\/schema.org","@graph":[{"@type":"WebPage","@id":"https:\/\/baniphar.com\/en\/product\/nuoc-suc-mieng-trau-khong-baniphar-350ml\/","url":"https:\/\/baniphar.com\/en\/product\/nuoc-suc-mieng-trau-khong-baniphar-350ml\/","name":"N\u01b0\u1edbc s\u00fac mi\u1ec7ng Tr\u1ea7u kh\u00f4ng Baniphar 350ml - D\u01b0\u1ee3c B\u1eafc Ninh BANIPHAR","isPartOf":{"@id":"https:\/\/baniphar.com\/en\/#website"},"primaryImageOfPage":{"@id":"https:\/\/baniphar.com\/en\/product\/nuoc-suc-mieng-trau-khong-baniphar-350ml\/#primaryimage"},"image":{"@id":"https:\/\/baniphar.com\/en\/product\/nuoc-suc-mieng-trau-khong-baniphar-350ml\/#primaryimage"},"thumbnailUrl":"https:\/\/baniphar.com\/wp-content\/uploads\/2023\/09\/nuoc-suc-mieng-trau-khong-baniphar-3.jpg","datePublished":"2023-09-19T21:01:32+00:00","dateModified":"2026-03-05T07:28:19+00:00","breadcrumb":{"@id":"https:\/\/baniphar.com\/en\/product\/nuoc-suc-mieng-trau-khong-baniphar-350ml\/#breadcrumb"},"inLanguage":"en-US","potentialAction":[{"@type":"ReadAction","target":["https:\/\/baniphar.com\/en\/product\/nuoc-suc-mieng-trau-khong-baniphar-350ml\/"]}]},{"@type":"ImageObject","inLanguage":"en-US","@id":"https:\/\/baniphar.com\/en\/product\/nuoc-suc-mieng-trau-khong-baniphar-350ml\/#primaryimage","url":"https:\/\/baniphar.com\/wp-content\/uploads\/2023\/09\/nuoc-suc-mieng-trau-khong-baniphar-3.jpg","contentUrl":"https:\/\/baniphar.com\/wp-content\/uploads\/2023\/09\/nuoc-suc-mieng-trau-khong-baniphar-3.jpg","width":900,"height":900},{"@type":"BreadcrumbList","@id":"https:\/\/baniphar.com\/en\/product\/nuoc-suc-mieng-trau-khong-baniphar-350ml\/#breadcrumb","itemListElement":[{"@type":"ListItem","position":1,"name":"Home","item":"https:\/\/baniphar.com\/en\/"},{"@type":"ListItem","position":2,"name":"TRANG CH\u1ee6","item":"https:\/\/baniphar.com\/trang-chu\/"},{"@type":"ListItem","position":3,"name":"N\u01b0\u1edbc s\u00fac mi\u1ec7ng Tr\u1ea7u kh\u00f4ng Baniphar 350ml"}]},{"@type":"WebSite","@id":"https:\/\/baniphar.com\/en\/#website","url":"https:\/\/baniphar.com\/en\/","name":"C\u00f4ng ty C\u1ed5 Ph\u1ea7n D\u01b0\u1ee3c Ph\u1ea9m B\u1eafc Ninh - BANIPHAR","description":"","potentialAction":[{"@type":"SearchAction","target":{"@type":"EntryPoint","urlTemplate":"https:\/\/baniphar.com\/en\/?s={search_term_string}"},"query-input":"required name=search_term_string"}],"inLanguage":"en-US"}]}},"_links":{"self":[{"href":"https:\/\/baniphar.com\/en\/wp-json\/wp\/v2\/product\/3922","targetHints":{"allow":["GET"]}}],"collection":[{"href":"https:\/\/baniphar.com\/en\/wp-json\/wp\/v2\/product"}],"about":[{"href":"https:\/\/baniphar.com\/en\/wp-json\/wp\/v2\/types\/product"}],"replies":[{"embeddable":true,"href":"https:\/\/baniphar.com\/en\/wp-json\/wp\/v2\/comments?post=3922"}],"wp:featuredmedia":[{"embeddable":true,"href":"https:\/\/baniphar.com\/en\/wp-json\/wp\/v2\/media\/3434"}],"wp:attachment":[{"href":"https:\/\/baniphar.com\/en\/wp-json\/wp\/v2\/media?parent=3922"}],"wp:term":[{"taxonomy":"product_cat","embeddable":true,"href":"https:\/\/baniphar.com\/en\/wp-json\/wp\/v2\/product_cat?post=3922"},{"taxonomy":"product_tag","embeddable":true,"href":"https:\/\/baniphar.com\/en\/wp-json\/wp\/v2\/product_tag?post=3922"}],"curies":[{"name":"wp","href":"https:\/\/api.w.org\/{rel}","templated":true}]}}