{"id":3959,"date":"2023-09-19T05:54:28","date_gmt":"2023-09-18T22:54:28","guid":{"rendered":"https:\/\/baniphar.com\/product\/son-lau-phai-celia-mau-04\/"},"modified":"2023-11-06T08:08:12","modified_gmt":"2023-11-06T01:08:12","slug":"son-lau-phai-celia-mau-04","status":"publish","type":"product","link":"https:\/\/baniphar.com\/en\/product\/son-lau-phai-celia-mau-04\/","title":{"rendered":"Son l\u00e2u phai Celia m\u00e0u 04"},"content":{"rendered":"<h2><strong>Th\u00e0nh ph\u1ea7n:<\/strong><\/h2>\n<p>Octyldodecanol, Polyisobutene, Parafin, Coco-Glycerides hydro h\u00f3a, Cera Microcristallina, Lauryl Laurate, Ethoxydiglycol, C30-45 Alkyl Methicone, Tocopheryl Acetate, C30-45 Olefin, Ethylhexyl Palmitate, Parfum, Caprylyl Acid, D\u1ea7u, Beta, Axit Caprylyl. -Sitosterol, Squalene, Alumina, Glycerin, Benzyl Benzoate, +\/- [CI 45410, CI 77499, CI 77492, CI 42090, CI 45380, CI 77891, CI 77491, CI 77002, CI 19140, CI 77718].<\/p>\n<h2><strong>C\u00f4ng d\u1ee5ng:<\/strong><\/h2>\n<p>D\u01b0\u1ee1ng \u1ea9m cho m\u00f4i, gi\u00fap m\u00f4i t\u01b0\u01a1i s\u00e1ng, l\u00ean m\u00e0u t\u1ef1 nhi\u00ean.<\/p>\n<p><img loading=\"lazy\" decoding=\"async\" class=\"aligncenter wp-image-452\" src=\"https:\/\/baniphar.com\/wp-content\/uploads\/2023\/09\/Son-lau-phai-Celia-mau-04-img2.jpg\" alt=\"\" width=\"900\" height=\"900\" srcset=\"https:\/\/baniphar.com\/wp-content\/uploads\/2023\/09\/Son-lau-phai-Celia-mau-04-img2.jpg 1200w, https:\/\/baniphar.com\/wp-content\/uploads\/2023\/09\/Son-lau-phai-Celia-mau-04-img2-300x300.jpg 300w, https:\/\/baniphar.com\/wp-content\/uploads\/2023\/09\/Son-lau-phai-Celia-mau-04-img2-1024x1024.jpg 1024w, https:\/\/baniphar.com\/wp-content\/uploads\/2023\/09\/Son-lau-phai-Celia-mau-04-img2-150x150.jpg 150w, https:\/\/baniphar.com\/wp-content\/uploads\/2023\/09\/Son-lau-phai-Celia-mau-04-img2-768x768.jpg 768w, https:\/\/baniphar.com\/wp-content\/uploads\/2023\/09\/Son-lau-phai-Celia-mau-04-img2-600x600.jpg 600w, https:\/\/baniphar.com\/wp-content\/uploads\/2023\/09\/Son-lau-phai-Celia-mau-04-img2-100x100.jpg 100w\" sizes=\"auto, (max-width: 900px) 100vw, 900px\" \/><\/p>\n<h2><strong>C\u00e1ch s\u1eed d\u1ee5ng:<\/strong><\/h2>\n<p>Thoa \u0111\u1ec1u l\u00ean m\u00f4i nhi\u1ec1u l\u1ea7n trong ng\u00e0y khi c\u00f3 nhu c\u1ea7u.<\/p>\n<p><strong>H\u00e3ng s\u1ea3n xu\u1ea5t<\/strong>: Daxcosmetic &#8211; Ba Lan<\/p>\n<p><strong>Tr\u1ecdng l\u01b0\u1ee3ng:<\/strong>\u00a0Th\u1ecfi 4g<\/p>\n","protected":false},"excerpt":{"rendered":"<p>&#8211; Nh\u1eadp kh\u1ea9u ch\u00ednh h\u00e3ng t\u1eeb Daxcosmetic (BA LAN)<\/p>\n<p>&#8211; L\u00e0 s\u1ea3n ph\u1ea9m ch\u0103m s\u00f3c m\u00f4i, d\u01b0\u1ee1ng \u1ea9m gi\u00fap m\u00f4i m\u1ec1m m\u1ea1i<\/p>\n<p>&#8211; Gi\u00fap m\u00f4i t\u01b0\u01a1i s\u00e1ng, l\u00ean m\u00e0u t\u1ef1 nhi\u00ean.<\/p>\n","protected":false},"featured_media":3003,"comment_status":"open","ping_status":"closed","template":"","meta":[],"product_cat":[118,130],"product_tag":[],"class_list":["post-3959","product","type-product","status-publish","has-post-thumbnail","hentry","product_cat-cosmetics-imported-from-poland","product_cat-lip-balm","yith_product_brand-dax-cosmetics-en"],"yoast_head":"<!-- This site is optimized with the Yoast SEO plugin v23.1 - https:\/\/yoast.com\/wordpress\/plugins\/seo\/ -->\n<title>Son l\u00e2u phai Celia m\u00e0u 04 - D\u01b0\u1ee3c B\u1eafc Ninh BANIPHAR<\/title>\n<meta name=\"robots\" content=\"index, follow, max-snippet:-1, max-image-preview:large, max-video-preview:-1\" \/>\n<link rel=\"canonical\" href=\"https:\/\/baniphar.com\/en\/product\/son-lau-phai-celia-mau-04\/\" \/>\n<meta property=\"og:locale\" content=\"en_US\" \/>\n<meta property=\"og:type\" content=\"article\" \/>\n<meta property=\"og:title\" content=\"Son l\u00e2u phai Celia m\u00e0u 04 - D\u01b0\u1ee3c B\u1eafc Ninh BANIPHAR\" \/>\n<meta property=\"og:description\" content=\"- Nh\u1eadp kh\u1ea9u ch\u00ednh h\u00e3ng t\u1eeb Daxcosmetic (BA LAN)  - L\u00e0 s\u1ea3n ph\u1ea9m ch\u0103m s\u00f3c m\u00f4i, d\u01b0\u1ee1ng \u1ea9m gi\u00fap m\u00f4i m\u1ec1m m\u1ea1i  - Gi\u00fap m\u00f4i t\u01b0\u01a1i s\u00e1ng, l\u00ean m\u00e0u t\u1ef1 nhi\u00ean.\" \/>\n<meta property=\"og:url\" content=\"https:\/\/baniphar.com\/en\/product\/son-lau-phai-celia-mau-04\/\" \/>\n<meta property=\"og:site_name\" content=\"C\u00f4ng ty C\u1ed5 Ph\u1ea7n D\u01b0\u1ee3c Ph\u1ea9m B\u1eafc Ninh - BANIPHAR\" \/>\n<meta property=\"article:modified_time\" content=\"2023-11-06T01:08:12+00:00\" \/>\n<meta property=\"og:image\" content=\"https:\/\/baniphar.com\/wp-content\/uploads\/2023\/09\/Son-lau-phai-Celia-mau-04-img1.png\" \/>\n\t<meta property=\"og:image:width\" content=\"500\" \/>\n\t<meta property=\"og:image:height\" content=\"500\" \/>\n\t<meta property=\"og:image:type\" content=\"image\/png\" \/>\n<meta name=\"twitter:card\" content=\"summary_large_image\" \/>\n<meta name=\"twitter:label1\" content=\"Est. reading time\" \/>\n\t<meta name=\"twitter:data1\" content=\"1 minute\" \/>\n<script type=\"application\/ld+json\" class=\"yoast-schema-graph\">{\"@context\":\"https:\/\/schema.org\",\"@graph\":[{\"@type\":\"WebPage\",\"@id\":\"https:\/\/baniphar.com\/en\/product\/son-lau-phai-celia-mau-04\/\",\"url\":\"https:\/\/baniphar.com\/en\/product\/son-lau-phai-celia-mau-04\/\",\"name\":\"Son l\u00e2u phai Celia m\u00e0u 04 - D\u01b0\u1ee3c B\u1eafc Ninh BANIPHAR\",\"isPartOf\":{\"@id\":\"https:\/\/baniphar.com\/en\/#website\"},\"primaryImageOfPage\":{\"@id\":\"https:\/\/baniphar.com\/en\/product\/son-lau-phai-celia-mau-04\/#primaryimage\"},\"image\":{\"@id\":\"https:\/\/baniphar.com\/en\/product\/son-lau-phai-celia-mau-04\/#primaryimage\"},\"thumbnailUrl\":\"https:\/\/baniphar.com\/wp-content\/uploads\/2023\/09\/Son-lau-phai-Celia-mau-04-img1.png\",\"datePublished\":\"2023-09-18T22:54:28+00:00\",\"dateModified\":\"2023-11-06T01:08:12+00:00\",\"breadcrumb\":{\"@id\":\"https:\/\/baniphar.com\/en\/product\/son-lau-phai-celia-mau-04\/#breadcrumb\"},\"inLanguage\":\"en-US\",\"potentialAction\":[{\"@type\":\"ReadAction\",\"target\":[\"https:\/\/baniphar.com\/en\/product\/son-lau-phai-celia-mau-04\/\"]}]},{\"@type\":\"ImageObject\",\"inLanguage\":\"en-US\",\"@id\":\"https:\/\/baniphar.com\/en\/product\/son-lau-phai-celia-mau-04\/#primaryimage\",\"url\":\"https:\/\/baniphar.com\/wp-content\/uploads\/2023\/09\/Son-lau-phai-Celia-mau-04-img1.png\",\"contentUrl\":\"https:\/\/baniphar.com\/wp-content\/uploads\/2023\/09\/Son-lau-phai-Celia-mau-04-img1.png\",\"width\":500,\"height\":500},{\"@type\":\"BreadcrumbList\",\"@id\":\"https:\/\/baniphar.com\/en\/product\/son-lau-phai-celia-mau-04\/#breadcrumb\",\"itemListElement\":[{\"@type\":\"ListItem\",\"position\":1,\"name\":\"Home\",\"item\":\"https:\/\/baniphar.com\/en\/\"},{\"@type\":\"ListItem\",\"position\":2,\"name\":\"TRANG CH\u1ee6\",\"item\":\"https:\/\/baniphar.com\/trang-chu\/\"},{\"@type\":\"ListItem\",\"position\":3,\"name\":\"Son l\u00e2u phai Celia m\u00e0u 04\"}]},{\"@type\":\"WebSite\",\"@id\":\"https:\/\/baniphar.com\/en\/#website\",\"url\":\"https:\/\/baniphar.com\/en\/\",\"name\":\"C\u00f4ng ty C\u1ed5 Ph\u1ea7n D\u01b0\u1ee3c Ph\u1ea9m B\u1eafc Ninh - BANIPHAR\",\"description\":\"\",\"potentialAction\":[{\"@type\":\"SearchAction\",\"target\":{\"@type\":\"EntryPoint\",\"urlTemplate\":\"https:\/\/baniphar.com\/en\/?s={search_term_string}\"},\"query-input\":\"required name=search_term_string\"}],\"inLanguage\":\"en-US\"}]}<\/script>\n<!-- \/ Yoast SEO plugin. -->","yoast_head_json":{"title":"Son l\u00e2u phai Celia m\u00e0u 04 - D\u01b0\u1ee3c B\u1eafc Ninh BANIPHAR","robots":{"index":"index","follow":"follow","max-snippet":"max-snippet:-1","max-image-preview":"max-image-preview:large","max-video-preview":"max-video-preview:-1"},"canonical":"https:\/\/baniphar.com\/en\/product\/son-lau-phai-celia-mau-04\/","og_locale":"en_US","og_type":"article","og_title":"Son l\u00e2u phai Celia m\u00e0u 04 - D\u01b0\u1ee3c B\u1eafc Ninh BANIPHAR","og_description":"- Nh\u1eadp kh\u1ea9u ch\u00ednh h\u00e3ng t\u1eeb Daxcosmetic (BA LAN)  - L\u00e0 s\u1ea3n ph\u1ea9m ch\u0103m s\u00f3c m\u00f4i, d\u01b0\u1ee1ng \u1ea9m gi\u00fap m\u00f4i m\u1ec1m m\u1ea1i  - Gi\u00fap m\u00f4i t\u01b0\u01a1i s\u00e1ng, l\u00ean m\u00e0u t\u1ef1 nhi\u00ean.","og_url":"https:\/\/baniphar.com\/en\/product\/son-lau-phai-celia-mau-04\/","og_site_name":"C\u00f4ng ty C\u1ed5 Ph\u1ea7n D\u01b0\u1ee3c Ph\u1ea9m B\u1eafc Ninh - BANIPHAR","article_modified_time":"2023-11-06T01:08:12+00:00","og_image":[{"width":500,"height":500,"url":"https:\/\/baniphar.com\/wp-content\/uploads\/2023\/09\/Son-lau-phai-Celia-mau-04-img1.png","type":"image\/png"}],"twitter_card":"summary_large_image","twitter_misc":{"Est. reading time":"1 minute"},"schema":{"@context":"https:\/\/schema.org","@graph":[{"@type":"WebPage","@id":"https:\/\/baniphar.com\/en\/product\/son-lau-phai-celia-mau-04\/","url":"https:\/\/baniphar.com\/en\/product\/son-lau-phai-celia-mau-04\/","name":"Son l\u00e2u phai Celia m\u00e0u 04 - D\u01b0\u1ee3c B\u1eafc Ninh BANIPHAR","isPartOf":{"@id":"https:\/\/baniphar.com\/en\/#website"},"primaryImageOfPage":{"@id":"https:\/\/baniphar.com\/en\/product\/son-lau-phai-celia-mau-04\/#primaryimage"},"image":{"@id":"https:\/\/baniphar.com\/en\/product\/son-lau-phai-celia-mau-04\/#primaryimage"},"thumbnailUrl":"https:\/\/baniphar.com\/wp-content\/uploads\/2023\/09\/Son-lau-phai-Celia-mau-04-img1.png","datePublished":"2023-09-18T22:54:28+00:00","dateModified":"2023-11-06T01:08:12+00:00","breadcrumb":{"@id":"https:\/\/baniphar.com\/en\/product\/son-lau-phai-celia-mau-04\/#breadcrumb"},"inLanguage":"en-US","potentialAction":[{"@type":"ReadAction","target":["https:\/\/baniphar.com\/en\/product\/son-lau-phai-celia-mau-04\/"]}]},{"@type":"ImageObject","inLanguage":"en-US","@id":"https:\/\/baniphar.com\/en\/product\/son-lau-phai-celia-mau-04\/#primaryimage","url":"https:\/\/baniphar.com\/wp-content\/uploads\/2023\/09\/Son-lau-phai-Celia-mau-04-img1.png","contentUrl":"https:\/\/baniphar.com\/wp-content\/uploads\/2023\/09\/Son-lau-phai-Celia-mau-04-img1.png","width":500,"height":500},{"@type":"BreadcrumbList","@id":"https:\/\/baniphar.com\/en\/product\/son-lau-phai-celia-mau-04\/#breadcrumb","itemListElement":[{"@type":"ListItem","position":1,"name":"Home","item":"https:\/\/baniphar.com\/en\/"},{"@type":"ListItem","position":2,"name":"TRANG CH\u1ee6","item":"https:\/\/baniphar.com\/trang-chu\/"},{"@type":"ListItem","position":3,"name":"Son l\u00e2u phai Celia m\u00e0u 04"}]},{"@type":"WebSite","@id":"https:\/\/baniphar.com\/en\/#website","url":"https:\/\/baniphar.com\/en\/","name":"C\u00f4ng ty C\u1ed5 Ph\u1ea7n D\u01b0\u1ee3c Ph\u1ea9m B\u1eafc Ninh - BANIPHAR","description":"","potentialAction":[{"@type":"SearchAction","target":{"@type":"EntryPoint","urlTemplate":"https:\/\/baniphar.com\/en\/?s={search_term_string}"},"query-input":"required name=search_term_string"}],"inLanguage":"en-US"}]}},"_links":{"self":[{"href":"https:\/\/baniphar.com\/en\/wp-json\/wp\/v2\/product\/3959","targetHints":{"allow":["GET"]}}],"collection":[{"href":"https:\/\/baniphar.com\/en\/wp-json\/wp\/v2\/product"}],"about":[{"href":"https:\/\/baniphar.com\/en\/wp-json\/wp\/v2\/types\/product"}],"replies":[{"embeddable":true,"href":"https:\/\/baniphar.com\/en\/wp-json\/wp\/v2\/comments?post=3959"}],"wp:featuredmedia":[{"embeddable":true,"href":"https:\/\/baniphar.com\/en\/wp-json\/wp\/v2\/media\/3003"}],"wp:attachment":[{"href":"https:\/\/baniphar.com\/en\/wp-json\/wp\/v2\/media?parent=3959"}],"wp:term":[{"taxonomy":"product_cat","embeddable":true,"href":"https:\/\/baniphar.com\/en\/wp-json\/wp\/v2\/product_cat?post=3959"},{"taxonomy":"product_tag","embeddable":true,"href":"https:\/\/baniphar.com\/en\/wp-json\/wp\/v2\/product_tag?post=3959"}],"curies":[{"name":"wp","href":"https:\/\/api.w.org\/{rel}","templated":true}]}}