{"id":3965,"date":"2023-09-19T05:32:55","date_gmt":"2023-09-18T22:32:55","guid":{"rendered":"https:\/\/baniphar.com\/product\/kem-ngay-duong-am-da-collagen-tu-nhien\/"},"modified":"2023-11-06T08:13:59","modified_gmt":"2023-11-06T01:13:59","slug":"kem-ngay-duong-am-da-collagen-tu-nhien","status":"publish","type":"product","link":"https:\/\/baniphar.com\/en\/product\/kem-ngay-duong-am-da-collagen-tu-nhien\/","title":{"rendered":"Kem ng\u00e0y d\u01b0\u1ee1ng \u1ea9m da Collagen t\u1ef1 nhi\u00ean"},"content":{"rendered":"<h2><strong>Th\u00e0nh ph\u1ea7n ch\u00ednh:<\/strong><\/h2>\n<p>Collagen,Elastin,Palmitoyl Oligopeptide,Palmitoyl Tetrapeptide-7,Morinda Citrifolia Fruit Extract,Borago Officinalis Oil,Aloe Barbadensis Leaf Extract &amp; Centella Asiatica Leaf Extract<\/p>\n<h2><strong>C\u00f4ng d\u1ee5ng:<\/strong><\/h2>\n<p>&#8211; S\u1ea3n ph\u1ea9m ch\u1ee9a:Collagen,Elastin,Palmitoyl Oligopeptide,Palmitoyl Tetrapeptide-7,Morinda Citrifolia Fruit Extract,Borago Officinalis Oil,Aloe Barbadensis Leaf Extract &amp; Centella Asiatica Leaf Extract d\u01b0\u1ee1ng \u1ea9m,gi\u1ea3m kh\u00f4, l\u00e0m m\u1ec1m m\u1ecbn da &amp; b\u1ea3o v\u1ec7 da tr\u01b0\u1edbc t\u00e1c \u0111\u1ed9ng b\u1ea5t l\u1ee3i t\u1eeb m\u00f4i tr\u01b0\u1eddng(tia UV,b\u1ee5i)<\/p>\n<p>&#8211; Gi\u1ea3m nh\u0103n,ch\u1ed1ng nh\u0103n,ng\u0103n ng\u1eeba l\u00e3o h\u00f3a da,gia t\u0103ng \u0111\u1ed9 \u0111\u00e0n h\u1ed3i da&amp;gi\u00fap da tr\u1edf n\u00ean s\u0103n ch\u1eafc<\/p>\n<p>&#8211; Th\u00edch h\u1ee3p ch\u0103m s\u00f3c cho da b\u1ecb l\u00e3o h\u00f3a,da tr\u00f9ng nh\u00e3o,ch\u1ea3y x\u1ec7,da kh\u00f4&amp;da r\u1ea5t kh\u00f4<\/p>\n<p>L\u01b0u \u00fd:Kh\u00f4ng d\u00f9ng cho tr\u1ebb d\u01b0\u1edbi 3 tu\u1ed5i<\/p>\n<p><img loading=\"lazy\" decoding=\"async\" class=\"aligncenter wp-image-416\" src=\"https:\/\/baniphar.com\/wp-content\/uploads\/2023\/09\/Kem-ngay-duong-am-da-Collagen-tu-nhien-img3.jpg\" alt=\"\" width=\"900\" height=\"900\" srcset=\"https:\/\/baniphar.com\/wp-content\/uploads\/2023\/09\/Kem-ngay-duong-am-da-Collagen-tu-nhien-img3.jpg 1280w, https:\/\/baniphar.com\/wp-content\/uploads\/2023\/09\/Kem-ngay-duong-am-da-Collagen-tu-nhien-img3-300x300.jpg 300w, https:\/\/baniphar.com\/wp-content\/uploads\/2023\/09\/Kem-ngay-duong-am-da-Collagen-tu-nhien-img3-1024x1024.jpg 1024w, https:\/\/baniphar.com\/wp-content\/uploads\/2023\/09\/Kem-ngay-duong-am-da-Collagen-tu-nhien-img3-150x150.jpg 150w, https:\/\/baniphar.com\/wp-content\/uploads\/2023\/09\/Kem-ngay-duong-am-da-Collagen-tu-nhien-img3-768x768.jpg 768w, https:\/\/baniphar.com\/wp-content\/uploads\/2023\/09\/Kem-ngay-duong-am-da-Collagen-tu-nhien-img3-600x600.jpg 600w, https:\/\/baniphar.com\/wp-content\/uploads\/2023\/09\/Kem-ngay-duong-am-da-Collagen-tu-nhien-img3-100x100.jpg 100w\" sizes=\"auto, (max-width: 900px) 100vw, 900px\" \/><\/p>\n<h2><strong>H\u01b0\u1edbng d\u1eabn s\u1eed d\u1ee5ng:<\/strong><\/h2>\n<p>D\u00f9ng ngay sau khi thoa Collagen t\u1ef1 nhi\u00ean s\u1ebd \u0111em l\u1ea1i hi\u1ec7u qu\u1ea3 ch\u0103m s\u00f3c da cao, thoa m\u1ed9t l\u1edbp m\u1ecfng l\u00ean m\u1eb7t v\u00e0 c\u1ed5, massage nh\u1eb9 nh\u00e0ng cho \u0111\u1ebfn khi \u0111\u01b0\u1ee3c th\u1ea5m h\u1ebft.<\/p>\n<p><strong>Ch\u1ed1ng ch\u1ec9 \u0111\u1ecbnh:<\/strong>\u00a0B\u1ea5t c\u1ee9 th\u00e0nh ph\u1ea7n n\u00e0o c\u1ee7a s\u1ea3n ph\u1ea9m, xem th\u00f4ng tin s\u1ea3n ph\u1ea9m<\/p>\n<p><strong>B\u1ea3o qu\u1ea3n:<\/strong>\u00a0B\u1ea3o qu\u1ea3n n\u01a1i kh\u00f4 r\u00e1o, tho\u00e1ng m\u00e1t, tr\u00e1nh \u00e1nh n\u1eafng tr\u1ef1c ti\u1ebfp t\u1eeb m\u1eb7t tr\u1eddi. \u0110\u1ec3 xa t\u1ea7m tay tr\u1ebb em.<\/p>\n<p><strong>Ng\u00e0y s\u1ea3n xu\u1ea5t\/ H\u1ea1n s\u1eed d\u1ee5ng:\u00a0<\/strong>Xem tr\u00ean bao b\u00ec s\u1ea3n ph\u1ea9m<\/p>\n<p><strong>Xu\u1ea5t x\u1ee9:<\/strong>\u00a0nh\u1eadp kh\u1ea9u ch\u00ednh h\u00e3ng t\u1eeb Colway (BALAN)<\/p>\n","protected":false},"excerpt":{"rendered":"<p>&#8211; Nh\u1eadp kh\u1ea9u ch\u00ednh h\u00e3ng t\u1eeb Colway (BALAN)<\/p>\n<p>&#8211; D\u01b0\u1ee1ng \u1ea9m, gi\u1ea3m kh\u00f4, l\u00e0m m\u1ec1m m\u1ecbn da<\/p>\n<p>&#8211; B\u1ea3o v\u1ec7 da tr\u01b0\u1edbc t\u00e1c \u0111\u1ed9ng b\u1ea5t l\u1ee3i t\u1eeb m\u00f4i tr\u01b0\u1eddng (tia UV, b\u1ee5i)<\/p>\n<p>&#8211; Gi\u1ea3m nh\u0103n, ch\u1ed1ng nh\u0103n, ng\u1eeba l\u00e1o h\u00f3a da<\/p>\n<p>&#8211; Th\u00edch h\u1ee3p ch\u0103m s\u00f3c cho da b\u1ecb l\u00e3o h\u00f3a,da tr\u00f9ng nh\u00e3o,ch\u1ea3y x\u1ec7,da kh\u00f4&amp;da r\u1ea5t kh\u00f4<\/p>\n","protected":false},"featured_media":2972,"comment_status":"open","ping_status":"closed","template":"","meta":[],"product_cat":[118,134],"product_tag":[],"class_list":["post-3965","product","type-product","status-publish","has-post-thumbnail","hentry","product_cat-cosmetics-imported-from-poland","product_cat-natural-collagen","yith_product_brand-colway-en"],"yoast_head":"<!-- This site is optimized with the Yoast SEO plugin v23.1 - https:\/\/yoast.com\/wordpress\/plugins\/seo\/ -->\n<title>Kem ng\u00e0y d\u01b0\u1ee1ng \u1ea9m da Collagen t\u1ef1 nhi\u00ean - D\u01b0\u1ee3c B\u1eafc Ninh BANIPHAR<\/title>\n<meta name=\"robots\" content=\"index, follow, max-snippet:-1, max-image-preview:large, max-video-preview:-1\" \/>\n<link rel=\"canonical\" href=\"https:\/\/baniphar.com\/en\/product\/kem-ngay-duong-am-da-collagen-tu-nhien\/\" \/>\n<meta property=\"og:locale\" content=\"en_US\" \/>\n<meta property=\"og:type\" content=\"article\" \/>\n<meta property=\"og:title\" content=\"Kem ng\u00e0y d\u01b0\u1ee1ng \u1ea9m da Collagen t\u1ef1 nhi\u00ean - D\u01b0\u1ee3c B\u1eafc Ninh BANIPHAR\" \/>\n<meta property=\"og:description\" content=\"- Nh\u1eadp kh\u1ea9u ch\u00ednh h\u00e3ng t\u1eeb Colway (BALAN)  - D\u01b0\u1ee1ng \u1ea9m, gi\u1ea3m kh\u00f4, l\u00e0m m\u1ec1m m\u1ecbn da  - B\u1ea3o v\u1ec7 da tr\u01b0\u1edbc t\u00e1c \u0111\u1ed9ng b\u1ea5t l\u1ee3i t\u1eeb m\u00f4i tr\u01b0\u1eddng (tia UV, b\u1ee5i)  - Gi\u1ea3m nh\u0103n, ch\u1ed1ng nh\u0103n, ng\u1eeba l\u00e1o h\u00f3a da  - Th\u00edch h\u1ee3p ch\u0103m s\u00f3c cho da b\u1ecb l\u00e3o h\u00f3a,da tr\u00f9ng nh\u00e3o,ch\u1ea3y x\u1ec7,da kh\u00f4&amp;da r\u1ea5t kh\u00f4\" \/>\n<meta property=\"og:url\" content=\"https:\/\/baniphar.com\/en\/product\/kem-ngay-duong-am-da-collagen-tu-nhien\/\" \/>\n<meta property=\"og:site_name\" content=\"C\u00f4ng ty C\u1ed5 Ph\u1ea7n D\u01b0\u1ee3c Ph\u1ea9m B\u1eafc Ninh - BANIPHAR\" \/>\n<meta property=\"article:modified_time\" content=\"2023-11-06T01:13:59+00:00\" \/>\n<meta property=\"og:image\" content=\"https:\/\/baniphar.com\/wp-content\/uploads\/2023\/09\/Kem-ngay-duong-am-da-Collagen-tu-nhien-img1.png\" \/>\n\t<meta property=\"og:image:width\" content=\"1080\" \/>\n\t<meta property=\"og:image:height\" content=\"1080\" \/>\n\t<meta property=\"og:image:type\" content=\"image\/png\" \/>\n<meta name=\"twitter:card\" content=\"summary_large_image\" \/>\n<meta name=\"twitter:label1\" content=\"Est. reading time\" \/>\n\t<meta name=\"twitter:data1\" content=\"2 minutes\" \/>\n<script type=\"application\/ld+json\" class=\"yoast-schema-graph\">{\"@context\":\"https:\/\/schema.org\",\"@graph\":[{\"@type\":\"WebPage\",\"@id\":\"https:\/\/baniphar.com\/en\/product\/kem-ngay-duong-am-da-collagen-tu-nhien\/\",\"url\":\"https:\/\/baniphar.com\/en\/product\/kem-ngay-duong-am-da-collagen-tu-nhien\/\",\"name\":\"Kem ng\u00e0y d\u01b0\u1ee1ng \u1ea9m da Collagen t\u1ef1 nhi\u00ean - D\u01b0\u1ee3c B\u1eafc Ninh BANIPHAR\",\"isPartOf\":{\"@id\":\"https:\/\/baniphar.com\/en\/#website\"},\"primaryImageOfPage\":{\"@id\":\"https:\/\/baniphar.com\/en\/product\/kem-ngay-duong-am-da-collagen-tu-nhien\/#primaryimage\"},\"image\":{\"@id\":\"https:\/\/baniphar.com\/en\/product\/kem-ngay-duong-am-da-collagen-tu-nhien\/#primaryimage\"},\"thumbnailUrl\":\"https:\/\/baniphar.com\/wp-content\/uploads\/2023\/09\/Kem-ngay-duong-am-da-Collagen-tu-nhien-img1.png\",\"datePublished\":\"2023-09-18T22:32:55+00:00\",\"dateModified\":\"2023-11-06T01:13:59+00:00\",\"breadcrumb\":{\"@id\":\"https:\/\/baniphar.com\/en\/product\/kem-ngay-duong-am-da-collagen-tu-nhien\/#breadcrumb\"},\"inLanguage\":\"en-US\",\"potentialAction\":[{\"@type\":\"ReadAction\",\"target\":[\"https:\/\/baniphar.com\/en\/product\/kem-ngay-duong-am-da-collagen-tu-nhien\/\"]}]},{\"@type\":\"ImageObject\",\"inLanguage\":\"en-US\",\"@id\":\"https:\/\/baniphar.com\/en\/product\/kem-ngay-duong-am-da-collagen-tu-nhien\/#primaryimage\",\"url\":\"https:\/\/baniphar.com\/wp-content\/uploads\/2023\/09\/Kem-ngay-duong-am-da-Collagen-tu-nhien-img1.png\",\"contentUrl\":\"https:\/\/baniphar.com\/wp-content\/uploads\/2023\/09\/Kem-ngay-duong-am-da-Collagen-tu-nhien-img1.png\",\"width\":1080,\"height\":1080},{\"@type\":\"BreadcrumbList\",\"@id\":\"https:\/\/baniphar.com\/en\/product\/kem-ngay-duong-am-da-collagen-tu-nhien\/#breadcrumb\",\"itemListElement\":[{\"@type\":\"ListItem\",\"position\":1,\"name\":\"Home\",\"item\":\"https:\/\/baniphar.com\/en\/\"},{\"@type\":\"ListItem\",\"position\":2,\"name\":\"TRANG CH\u1ee6\",\"item\":\"https:\/\/baniphar.com\/trang-chu\/\"},{\"@type\":\"ListItem\",\"position\":3,\"name\":\"Kem ng\u00e0y d\u01b0\u1ee1ng \u1ea9m da Collagen t\u1ef1 nhi\u00ean\"}]},{\"@type\":\"WebSite\",\"@id\":\"https:\/\/baniphar.com\/en\/#website\",\"url\":\"https:\/\/baniphar.com\/en\/\",\"name\":\"C\u00f4ng ty C\u1ed5 Ph\u1ea7n D\u01b0\u1ee3c Ph\u1ea9m B\u1eafc Ninh - BANIPHAR\",\"description\":\"\",\"potentialAction\":[{\"@type\":\"SearchAction\",\"target\":{\"@type\":\"EntryPoint\",\"urlTemplate\":\"https:\/\/baniphar.com\/en\/?s={search_term_string}\"},\"query-input\":\"required name=search_term_string\"}],\"inLanguage\":\"en-US\"}]}<\/script>\n<!-- \/ Yoast SEO plugin. -->","yoast_head_json":{"title":"Kem ng\u00e0y d\u01b0\u1ee1ng \u1ea9m da Collagen t\u1ef1 nhi\u00ean - D\u01b0\u1ee3c B\u1eafc Ninh BANIPHAR","robots":{"index":"index","follow":"follow","max-snippet":"max-snippet:-1","max-image-preview":"max-image-preview:large","max-video-preview":"max-video-preview:-1"},"canonical":"https:\/\/baniphar.com\/en\/product\/kem-ngay-duong-am-da-collagen-tu-nhien\/","og_locale":"en_US","og_type":"article","og_title":"Kem ng\u00e0y d\u01b0\u1ee1ng \u1ea9m da Collagen t\u1ef1 nhi\u00ean - D\u01b0\u1ee3c B\u1eafc Ninh BANIPHAR","og_description":"- Nh\u1eadp kh\u1ea9u ch\u00ednh h\u00e3ng t\u1eeb Colway (BALAN)  - D\u01b0\u1ee1ng \u1ea9m, gi\u1ea3m kh\u00f4, l\u00e0m m\u1ec1m m\u1ecbn da  - B\u1ea3o v\u1ec7 da tr\u01b0\u1edbc t\u00e1c \u0111\u1ed9ng b\u1ea5t l\u1ee3i t\u1eeb m\u00f4i tr\u01b0\u1eddng (tia UV, b\u1ee5i)  - Gi\u1ea3m nh\u0103n, ch\u1ed1ng nh\u0103n, ng\u1eeba l\u00e1o h\u00f3a da  - Th\u00edch h\u1ee3p ch\u0103m s\u00f3c cho da b\u1ecb l\u00e3o h\u00f3a,da tr\u00f9ng nh\u00e3o,ch\u1ea3y x\u1ec7,da kh\u00f4&amp;da r\u1ea5t kh\u00f4","og_url":"https:\/\/baniphar.com\/en\/product\/kem-ngay-duong-am-da-collagen-tu-nhien\/","og_site_name":"C\u00f4ng ty C\u1ed5 Ph\u1ea7n D\u01b0\u1ee3c Ph\u1ea9m B\u1eafc Ninh - BANIPHAR","article_modified_time":"2023-11-06T01:13:59+00:00","og_image":[{"width":1080,"height":1080,"url":"https:\/\/baniphar.com\/wp-content\/uploads\/2023\/09\/Kem-ngay-duong-am-da-Collagen-tu-nhien-img1.png","type":"image\/png"}],"twitter_card":"summary_large_image","twitter_misc":{"Est. reading time":"2 minutes"},"schema":{"@context":"https:\/\/schema.org","@graph":[{"@type":"WebPage","@id":"https:\/\/baniphar.com\/en\/product\/kem-ngay-duong-am-da-collagen-tu-nhien\/","url":"https:\/\/baniphar.com\/en\/product\/kem-ngay-duong-am-da-collagen-tu-nhien\/","name":"Kem ng\u00e0y d\u01b0\u1ee1ng \u1ea9m da Collagen t\u1ef1 nhi\u00ean - D\u01b0\u1ee3c B\u1eafc Ninh BANIPHAR","isPartOf":{"@id":"https:\/\/baniphar.com\/en\/#website"},"primaryImageOfPage":{"@id":"https:\/\/baniphar.com\/en\/product\/kem-ngay-duong-am-da-collagen-tu-nhien\/#primaryimage"},"image":{"@id":"https:\/\/baniphar.com\/en\/product\/kem-ngay-duong-am-da-collagen-tu-nhien\/#primaryimage"},"thumbnailUrl":"https:\/\/baniphar.com\/wp-content\/uploads\/2023\/09\/Kem-ngay-duong-am-da-Collagen-tu-nhien-img1.png","datePublished":"2023-09-18T22:32:55+00:00","dateModified":"2023-11-06T01:13:59+00:00","breadcrumb":{"@id":"https:\/\/baniphar.com\/en\/product\/kem-ngay-duong-am-da-collagen-tu-nhien\/#breadcrumb"},"inLanguage":"en-US","potentialAction":[{"@type":"ReadAction","target":["https:\/\/baniphar.com\/en\/product\/kem-ngay-duong-am-da-collagen-tu-nhien\/"]}]},{"@type":"ImageObject","inLanguage":"en-US","@id":"https:\/\/baniphar.com\/en\/product\/kem-ngay-duong-am-da-collagen-tu-nhien\/#primaryimage","url":"https:\/\/baniphar.com\/wp-content\/uploads\/2023\/09\/Kem-ngay-duong-am-da-Collagen-tu-nhien-img1.png","contentUrl":"https:\/\/baniphar.com\/wp-content\/uploads\/2023\/09\/Kem-ngay-duong-am-da-Collagen-tu-nhien-img1.png","width":1080,"height":1080},{"@type":"BreadcrumbList","@id":"https:\/\/baniphar.com\/en\/product\/kem-ngay-duong-am-da-collagen-tu-nhien\/#breadcrumb","itemListElement":[{"@type":"ListItem","position":1,"name":"Home","item":"https:\/\/baniphar.com\/en\/"},{"@type":"ListItem","position":2,"name":"TRANG CH\u1ee6","item":"https:\/\/baniphar.com\/trang-chu\/"},{"@type":"ListItem","position":3,"name":"Kem ng\u00e0y d\u01b0\u1ee1ng \u1ea9m da Collagen t\u1ef1 nhi\u00ean"}]},{"@type":"WebSite","@id":"https:\/\/baniphar.com\/en\/#website","url":"https:\/\/baniphar.com\/en\/","name":"C\u00f4ng ty C\u1ed5 Ph\u1ea7n D\u01b0\u1ee3c Ph\u1ea9m B\u1eafc Ninh - BANIPHAR","description":"","potentialAction":[{"@type":"SearchAction","target":{"@type":"EntryPoint","urlTemplate":"https:\/\/baniphar.com\/en\/?s={search_term_string}"},"query-input":"required name=search_term_string"}],"inLanguage":"en-US"}]}},"_links":{"self":[{"href":"https:\/\/baniphar.com\/en\/wp-json\/wp\/v2\/product\/3965","targetHints":{"allow":["GET"]}}],"collection":[{"href":"https:\/\/baniphar.com\/en\/wp-json\/wp\/v2\/product"}],"about":[{"href":"https:\/\/baniphar.com\/en\/wp-json\/wp\/v2\/types\/product"}],"replies":[{"embeddable":true,"href":"https:\/\/baniphar.com\/en\/wp-json\/wp\/v2\/comments?post=3965"}],"wp:featuredmedia":[{"embeddable":true,"href":"https:\/\/baniphar.com\/en\/wp-json\/wp\/v2\/media\/2972"}],"wp:attachment":[{"href":"https:\/\/baniphar.com\/en\/wp-json\/wp\/v2\/media?parent=3965"}],"wp:term":[{"taxonomy":"product_cat","embeddable":true,"href":"https:\/\/baniphar.com\/en\/wp-json\/wp\/v2\/product_cat?post=3965"},{"taxonomy":"product_tag","embeddable":true,"href":"https:\/\/baniphar.com\/en\/wp-json\/wp\/v2\/product_tag?post=3965"}],"curies":[{"name":"wp","href":"https:\/\/api.w.org\/{rel}","templated":true}]}}